{"id":46,"date":"2023-04-24T04:51:33","date_gmt":"2023-04-24T04:51:33","guid":{"rendered":"https:\/\/cozystay.loftocean.com\/mountain-hotel\/?page_id=46"},"modified":"2025-12-14T23:15:45","modified_gmt":"2025-12-14T22:15:45","slug":"jobs","status":"publish","type":"page","link":"https:\/\/kursaal-arosa.ch\/de\/jobs\/","title":{"rendered":"Jobs"},"content":{"rendered":"<div data-elementor-type=\"wp-page\" data-elementor-id=\"46\" class=\"elementor elementor-46\" data-elementor-post-type=\"page\">\n\t\t\t\t\t\t<section class=\"elementor-section elementor-top-section elementor-element elementor-element-6c2fcb5e elementor-section-height-min-height cs-section-content-fullwidth cs-parallax-on-scroll cs_scroll_y_100 elementor-section-boxed elementor-section-height-default elementor-section-items-middle\" data-id=\"6c2fcb5e\" data-element_type=\"section\" data-e-type=\"section\" data-settings=\"{&quot;background_background&quot;:&quot;classic&quot;}\" data-cs-parallax-y=\"100\" style=\"background-image: none;\" data-cs-background-image=\"https:\/\/kursaal-arosa.ch\/wp-content\/uploads\/2024\/10\/Wandelbar-Bild-NEU.jpg\" data-cs-background-image-alt-text=\"\">\n\t\t\t\t\t\t\t<div class=\"elementor-background-overlay\"><\/div>\n\t\t\t\t\t\t\t<div class=\"elementor-container elementor-column-gap-no\">\n\t\t\t\t\t<div class=\"elementor-column elementor-col-100 elementor-top-column elementor-element elementor-element-53dc37dc dark-color\" data-id=\"53dc37dc\" data-element_type=\"column\" data-e-type=\"column\">\n\t\t\t<div class=\"elementor-widget-wrap elementor-element-populated\">\n\t\t\t\t\t\t<div class=\"elementor-element elementor-element-6f6be9f0 elementor-widget elementor-widget-cs_title\" data-id=\"6f6be9f0\" data-element_type=\"widget\" data-e-type=\"widget\" data-widget_type=\"cs_title.default\">\n\t\t\t\t<div class=\"elementor-widget-container\">\n\t\t\t\t\t\n        <div class=\"cs-title-wrap text-center\">\t            <h1 class=\"cs-title\">\n\t                JOBS @ KURSAAL\t            <\/h1>        <\/div>\t\t\t\t<\/div>\n\t\t\t\t<\/div>\n\t\t\t\t\t<\/div>\n\t\t<\/div>\n\t\t\t\t\t<\/div>\n\t\t<\/section>\n\t\t\t\t<section class=\"elementor-section elementor-top-section elementor-element elementor-element-948989c elementor-section-boxed elementor-section-height-default elementor-section-height-default\" data-id=\"948989c\" data-element_type=\"section\" data-e-type=\"section\">\n\t\t\t\t\t\t<div class=\"elementor-container elementor-column-gap-no\">\n\t\t\t\t\t<div class=\"elementor-column elementor-col-100 elementor-top-column elementor-element elementor-element-22525d4\" data-id=\"22525d4\" data-element_type=\"column\" data-e-type=\"column\">\n\t\t\t<div class=\"elementor-widget-wrap elementor-element-populated\">\n\t\t\t\t\t\t<div class=\"elementor-element elementor-element-405df39 elementor-widget elementor-widget-cs_title\" data-id=\"405df39\" data-element_type=\"widget\" data-e-type=\"widget\" data-widget_type=\"cs_title.default\">\n\t\t\t\t<div class=\"elementor-widget-container\">\n\t\t\t\t\t\n        <div class=\"cs-title-wrap text-center\">\t            <div class=\"cs-subtitle-wrap\"><span class=\"cs-subtitle\">Kursaal Arosa<\/span><\/div>\t            <h6 class=\"cs-title\">\n\t                Arosas atemberaubendste Panoramasicht, die \"Panoramabar\" zum Aufw\u00e4rmen vor der Party oder f\u00fcr ein Glas Wein zwischendurch, das \"Backstage\" f\u00fcr Partys und Konzerte, die \"Wunderbar\", die zu einem gem\u00fctlichen Kaffee oder einem Snack einl\u00e4dt, und die \"Wandelbar\" mit ihren legend\u00e4ren Partys im Untergeschoss.\t            <\/h6>        <\/div>\t\t\t\t<\/div>\n\t\t\t\t<\/div>\n\t\t\t\t\t<\/div>\n\t\t<\/div>\n\t\t\t\t\t<\/div>\n\t\t<\/section>\n\t\t\t\t<section class=\"elementor-section elementor-top-section elementor-element elementor-element-68e4621 elementor-section-content-middle elementor-reverse-tablet elementor-reverse-mobile elementor-section-boxed elementor-section-height-default elementor-section-height-default\" data-id=\"68e4621\" data-element_type=\"section\" data-e-type=\"section\" data-settings=\"{&quot;background_background&quot;:&quot;classic&quot;}\">\n\t\t\t\t\t\t<div class=\"elementor-container elementor-column-gap-no\">\n\t\t\t\t\t<div class=\"elementor-column elementor-col-50 elementor-top-column elementor-element elementor-element-658bcc9 dark-color animated-fast cs-animation-small-offset elementor-invisible\" data-id=\"658bcc9\" data-element_type=\"column\" data-e-type=\"column\" data-settings=\"{&quot;background_background&quot;:&quot;classic&quot;,&quot;animation&quot;:&quot;fadeInLeft&quot;,&quot;animation_tablet&quot;:&quot;fadeInUp&quot;}\">\n\t\t\t<div class=\"elementor-widget-wrap elementor-element-populated\">\n\t\t\t\t\t\t<section class=\"elementor-section elementor-inner-section elementor-element elementor-element-befac52 elementor-section-boxed elementor-section-height-default elementor-section-height-default\" data-id=\"befac52\" data-element_type=\"section\" data-e-type=\"section\" data-settings=\"{&quot;background_background&quot;:&quot;classic&quot;}\">\n\t\t\t\t\t\t<div class=\"elementor-container elementor-column-gap-no\">\n\t\t\t\t\t<div class=\"elementor-column elementor-col-100 elementor-inner-column elementor-element elementor-element-f64970a\" data-id=\"f64970a\" data-element_type=\"column\" data-e-type=\"column\">\n\t\t\t<div class=\"elementor-widget-wrap elementor-element-populated\">\n\t\t\t\t\t\t<div class=\"elementor-element elementor-element-74f0205 elementor-widget elementor-widget-cs_title\" data-id=\"74f0205\" data-element_type=\"widget\" data-e-type=\"widget\" data-widget_type=\"cs_title.default\">\n\t\t\t\t<div class=\"elementor-widget-container\">\n\t\t\t\t\t\n        <div class=\"cs-title-wrap text-center\">\t            <div class=\"cs-subtitle-wrap\"><span class=\"cs-subtitle\">JOBS @ KURSAAL<\/span><\/div>\t            <h4 class=\"cs-title\">\n\t                Der Kursaal Arosa sucht Sie\t            <\/h4>\t            <div class=\"cs-title-text\">\n\t                <p style=\"text-align: left;\">F\u00fcr unseren lebendigen Kursaal Arosa suchen wir noch tatkr\u00e4ftige Unterst\u00fctzung in den folgenden Filialen:<\/p><p><strong>Chef de Partie Esszimmer &amp; Panorama Bar<\/strong><\/p><p><strong>Restaurantleiter Esszimmer<\/strong><\/p><p><strong>Chef de Rang Esszimmer &amp; Panorama Bar<\/strong><\/p><p><strong>Chef de Bar Panorama Bar<\/strong><\/p><p><strong>Commis de Bar Panorama Bar &amp; Wandelbar<\/strong><\/p><p style=\"text-align: left;\">Es erwartet Sie ein <strong>80-100% Stellung<\/strong> f\u00fcr die <strong>Wintersaison 2025\/2026<\/strong> von Dezember (Mitte November) bis April, mit vielen spannenden Angeboten im Kursaal.<\/p><p style=\"text-align: left;\">Wir suchen auch stundenweise <strong>Servicepersonal<\/strong> f\u00fcr die <strong>Panorama Bar, Esszimmer, Wandelbar &amp; Backstage.<\/strong><\/p>\t            <\/div>                <div class=\"cs-title-btn\">\n                    <a class=\"button elementor-button-link cs-btn-outline\" role=\"button\" href=\"mailto:work@kursaal-arosa.ch\">\n                        <span class=\"cs-btn-text\">Kontakt<\/span>                    <\/a>\n                <\/div>\n                    <\/div>\t\t\t\t<\/div>\n\t\t\t\t<\/div>\n\t\t\t\t\t<\/div>\n\t\t<\/div>\n\t\t\t\t\t<\/div>\n\t\t<\/section>\n\t\t\t\t\t<\/div>\n\t\t<\/div>\n\t\t\t\t<div class=\"elementor-column elementor-col-50 elementor-top-column elementor-element elementor-element-b54be17\" data-id=\"b54be17\" data-element_type=\"column\" data-e-type=\"column\" data-settings=\"{&quot;background_background&quot;:&quot;classic&quot;}\">\n\t\t\t<div class=\"elementor-widget-wrap elementor-element-populated\">\n\t\t\t\t\t\t<div class=\"elementor-element elementor-element-81e6b63 animated-fast cs-animation-small-offset elementor-invisible elementor-widget elementor-widget-image\" data-id=\"81e6b63\" data-element_type=\"widget\" data-e-type=\"widget\" data-settings=\"{&quot;_animation&quot;:&quot;fadeInRight&quot;,&quot;_animation_tablet&quot;:&quot;fadeInUp&quot;}\" data-widget_type=\"image.default\">\n\t\t\t\t<div class=\"elementor-widget-container\">\n\t\t\t\t\t\t\t\t\t\t\t\t\t\t\t<img fetchpriority=\"high\" decoding=\"async\" width=\"912\" height=\"1024\" src=\"https:\/\/kursaal-arosa.ch\/wp-content\/uploads\/2024\/10\/08-912x1024.jpg\" class=\"attachment-large size-large wp-image-2965\" alt=\"\" srcset=\"https:\/\/kursaal-arosa.ch\/wp-content\/uploads\/2024\/10\/08-912x1024.jpg 912w, https:\/\/kursaal-arosa.ch\/wp-content\/uploads\/2024\/10\/08-134x150.jpg 134w, https:\/\/kursaal-arosa.ch\/wp-content\/uploads\/2024\/10\/08-600x673.jpg 600w, https:\/\/kursaal-arosa.ch\/wp-content\/uploads\/2024\/10\/08-267x300.jpg 267w, https:\/\/kursaal-arosa.ch\/wp-content\/uploads\/2024\/10\/08-768x862.jpg 768w, https:\/\/kursaal-arosa.ch\/wp-content\/uploads\/2024\/10\/08-11x12.jpg 11w, https:\/\/kursaal-arosa.ch\/wp-content\/uploads\/2024\/10\/08-1200x1347.jpg 1200w, https:\/\/kursaal-arosa.ch\/wp-content\/uploads\/2024\/10\/08-780x875.jpg 780w, https:\/\/kursaal-arosa.ch\/wp-content\/uploads\/2024\/10\/08-550x617.jpg 550w, https:\/\/kursaal-arosa.ch\/wp-content\/uploads\/2024\/10\/08-370x415.jpg 370w, https:\/\/kursaal-arosa.ch\/wp-content\/uploads\/2024\/10\/08-255x286.jpg 255w, https:\/\/kursaal-arosa.ch\/wp-content\/uploads\/2024\/10\/08.jpg 1292w\" sizes=\"(max-width: 912px) 100vw, 912px\" \/>\t\t\t\t\t\t\t\t\t\t\t\t\t\t\t<\/div>\n\t\t\t\t<\/div>\n\t\t\t\t\t<\/div>\n\t\t<\/div>\n\t\t\t\t\t<\/div>\n\t\t<\/section>\n\t\t\t\t<\/div>","protected":false},"excerpt":{"rendered":"<p>JOBS @ KURSAAL Kursaal Arosa Arosas atemberaubendste Panoramasicht, die \"Panoramabar\" zum Aufw\u00e4rmen vor der Party oder f\u00fcr ein Glas Wein zwischendurch, das \"Backstage\" f\u00fcr Partys und Konzerte, die \"Wunderbar\", die zu einem gem\u00fctlichen Kaffee oder einem Snack einl\u00e4dt, und die \"Wandelbar\" mit ihren legend\u00e4ren Partys im Untergeschoss. JOBS ...<\/p>","protected":false},"author":1,"featured_media":0,"parent":0,"menu_order":0,"comment_status":"closed","ping_status":"closed","template":"template-wide-content.php","meta":{"cozystay_single_page_hide_site_header":"","cozystay_single_page_site_header_source":"","cozystay_single_page_custom_site_header":"0","cozystay_single_page_custom_sticky_site_header":"0","cozystay_single_page_hide_page_title":"on","cozystay_single_page_header_section_size":"","cozystay_single_page_header_background_color":"","cozystay_single_page_header_background_position_x":"center","cozystay_single_page_header_background_position_y":"center","cozystay_single_page_header_background_size":"cover","cozystay_single_page_header_background_repeat":"off","cozystay_single_page_header_background_scroll":"on","cozystay_single_page_header_text_color":"","cozystay_single_page_header_show_breadcrumb":"","cozystay_single_page_site_footer_hide_main":"","cozystay_single_custom_site_footer_main_source":"","cozystay_single_custom_site_footer_main":"0","cozystay_single_page_site_footer_hide_above":"","cozystay_single_custom_site_footer_above_source":"","cozystay_single_custom_site_footer_above":"0","cozystay_single_page_site_footer_hide_instagram":"","cozystay_single_page_site_footer_hide_bottom":"","cozystay_single_custom_mobile_menu_source":"","cozystay_single_custom_mobile_menu":"0","cozystay_single_custom_mobile_menu_animation":"","cozystay_single_custom_mobile_menu_width":"","cozystay_single_custom_mobile_menu_custom_width":375,"footnotes":""},"class_list":["post-46","page","type-page","status-publish","hentry"],"_links":{"self":[{"href":"https:\/\/kursaal-arosa.ch\/de\/wp-json\/wp\/v2\/pages\/46","targetHints":{"allow":["GET"]}}],"collection":[{"href":"https:\/\/kursaal-arosa.ch\/de\/wp-json\/wp\/v2\/pages"}],"about":[{"href":"https:\/\/kursaal-arosa.ch\/de\/wp-json\/wp\/v2\/types\/page"}],"author":[{"embeddable":true,"href":"https:\/\/kursaal-arosa.ch\/de\/wp-json\/wp\/v2\/users\/1"}],"replies":[{"embeddable":true,"href":"https:\/\/kursaal-arosa.ch\/de\/wp-json\/wp\/v2\/comments?post=46"}],"version-history":[{"count":40,"href":"https:\/\/kursaal-arosa.ch\/de\/wp-json\/wp\/v2\/pages\/46\/revisions"}],"predecessor-version":[{"id":9749,"href":"https:\/\/kursaal-arosa.ch\/de\/wp-json\/wp\/v2\/pages\/46\/revisions\/9749"}],"wp:attachment":[{"href":"https:\/\/kursaal-arosa.ch\/de\/wp-json\/wp\/v2\/media?parent=46"}],"curies":[{"name":"wp","href":"https:\/\/api.w.org\/{rel}","templated":true}]}}